{"id":7182,"date":"2021-07-01T07:13:55","date_gmt":"2021-07-01T07:13:55","guid":{"rendered":"https:\/\/support.orthopedics.moveup.care\/formulieren\/tevredenheidspeiling-kinesitherapeut\/"},"modified":"2021-07-01T07:14:07","modified_gmt":"2021-07-01T07:14:07","slug":"tevredenheidspeiling-kinesitherapeut","status":"publish","type":"page","link":"https:\/\/support.orthopedics.moveup.care\/nl\/formulieren\/tevredenheidspeiling-kinesitherapeut\/","title":{"rendered":"Tevredenheidspeiling kinesitherapeut"},"content":{"rendered":"","protected":false},"excerpt":{"rendered":"","protected":false},"author":36,"featured_media":0,"parent":132,"menu_order":0,"comment_status":"closed","ping_status":"closed","template":"","meta":{"footnotes":""},"class_list":["post-7182","page","type-page","status-publish","hentry"],"wpml_current_locale":"nl_NL","wpml_translations":[{"locale":"en_US","id":6314,"post_title":"Physiotherapist satisfaction survey","href":"https:\/\/support.orthopedics.moveup.care\/satisfaction-physiotherapy-survey\/"},{"locale":"fr_FR","id":7212,"post_title":"Enqu\u00eate sur la satisfaction des kin\u00e9sith\u00e9rapeutes","href":"https:\/\/support.orthopedics.moveup.care\/fr\/enquete-sur-la-satisfaction-des-kinesitherapeutes\/"}],"_links":{"self":[{"href":"https:\/\/support.orthopedics.moveup.care\/nl\/wp-json\/wp\/v2\/pages\/7182","targetHints":{"allow":["GET"]}}],"collection":[{"href":"https:\/\/support.orthopedics.moveup.care\/nl\/wp-json\/wp\/v2\/pages"}],"about":[{"href":"https:\/\/support.orthopedics.moveup.care\/nl\/wp-json\/wp\/v2\/types\/page"}],"author":[{"embeddable":true,"href":"https:\/\/support.orthopedics.moveup.care\/nl\/wp-json\/wp\/v2\/users\/36"}],"replies":[{"embeddable":true,"href":"https:\/\/support.orthopedics.moveup.care\/nl\/wp-json\/wp\/v2\/comments?post=7182"}],"version-history":[{"count":0,"href":"https:\/\/support.orthopedics.moveup.care\/nl\/wp-json\/wp\/v2\/pages\/7182\/revisions"}],"up":[{"embeddable":true,"href":"https:\/\/support.orthopedics.moveup.care\/nl\/wp-json\/wp\/v2\/pages\/132"}],"wp:attachment":[{"href":"https:\/\/support.orthopedics.moveup.care\/nl\/wp-json\/wp\/v2\/media?parent=7182"}],"curies":[{"name":"wp","href":"https:\/\/api.w.org\/{rel}","templated":true}]}}