{"id":24410,"date":"2023-04-06T12:43:23","date_gmt":"2023-04-06T12:43:23","guid":{"rendered":"https:\/\/support.orthopedics.moveup.care\/votre-parcours-de-patient-avec-moveup-est-gratuit\/"},"modified":"2023-04-06T15:01:52","modified_gmt":"2023-04-06T15:01:52","slug":"votre-parcours-de-patient-avec-moveup-est-gratuit","status":"publish","type":"page","link":"https:\/\/support.orthopedics.moveup.care\/fr\/votre-parcours-de-patient-avec-moveup-est-gratuit\/","title":{"rendered":"Votre parcours de patient avec moveUP est gratuit"},"content":{"rendered":"\n<p>Vous ne devez rien payer pour pouvoir \u00eatre suivi dans moveUP. <\/p>\n\n<p>Nous vous recommandons de commander un tracker d&rsquo;activit\u00e9 (vivofit 4) via le formulaire envoy\u00e9 par moveUP. <\/p>\n\n<p>Ce tracker d&rsquo;activit\u00e9 permet \u00e0 votre \u00e9quipe soignante de suivre vos pas quotidiens pour s&rsquo;assurer que vous ne marchez pas trop ou \u00e0 l&rsquo;inverse, pas assez apr\u00e8s l&rsquo;op\u00e9ration. Ce tracker d&rsquo;activit\u00e9 fonctionne sous forme de <strong>garantie<\/strong>. <\/p>\n\n<p>Vous devrez payer 69,99\u20ac et moveUP vous remboursera le co\u00fbt total si vous le renvoyez \u00e0 la fin de votre suivi dans moveUP.<\/p>\n","protected":false},"excerpt":{"rendered":"<p>Vous ne devez rien payer pour pouvoir \u00eatre suivi dans moveUP. Nous vous recommandons de commander un tracker d&rsquo;activit\u00e9 (vivofit 4) via le formulaire envoy\u00e9 par moveUP. Ce tracker d&rsquo;activit\u00e9 permet \u00e0 votre \u00e9quipe soignante de suivre vos pas quotidiens pour s&rsquo;assurer que vous ne marchez pas trop ou \u00e0&#8230;<\/p>\n","protected":false},"author":13,"featured_media":0,"parent":0,"menu_order":0,"comment_status":"closed","ping_status":"closed","template":"","meta":{"footnotes":""},"class_list":["post-24410","page","type-page","status-publish","hentry"],"wpml_current_locale":"fr_FR","wpml_translations":[{"locale":"nl_NL","id":24417,"post_title":"Uw pati\u00ebntentraject met moveUP is gratis.","href":"https:\/\/support.orthopedics.moveup.care\/nl\/uw-patiententraject-met-moveup-is-gratis\/"},{"locale":"en_US","id":24401,"post_title":"Your patient journey with moveUP is free of charge","href":"https:\/\/support.orthopedics.moveup.care\/your-patient-journey-with-moveup-is-free-of-charge\/"}],"_links":{"self":[{"href":"https:\/\/support.orthopedics.moveup.care\/fr\/wp-json\/wp\/v2\/pages\/24410","targetHints":{"allow":["GET"]}}],"collection":[{"href":"https:\/\/support.orthopedics.moveup.care\/fr\/wp-json\/wp\/v2\/pages"}],"about":[{"href":"https:\/\/support.orthopedics.moveup.care\/fr\/wp-json\/wp\/v2\/types\/page"}],"author":[{"embeddable":true,"href":"https:\/\/support.orthopedics.moveup.care\/fr\/wp-json\/wp\/v2\/users\/13"}],"replies":[{"embeddable":true,"href":"https:\/\/support.orthopedics.moveup.care\/fr\/wp-json\/wp\/v2\/comments?post=24410"}],"version-history":[{"count":5,"href":"https:\/\/support.orthopedics.moveup.care\/fr\/wp-json\/wp\/v2\/pages\/24410\/revisions"}],"predecessor-version":[{"id":24424,"href":"https:\/\/support.orthopedics.moveup.care\/fr\/wp-json\/wp\/v2\/pages\/24410\/revisions\/24424"}],"wp:attachment":[{"href":"https:\/\/support.orthopedics.moveup.care\/fr\/wp-json\/wp\/v2\/media?parent=24410"}],"curies":[{"name":"wp","href":"https:\/\/api.w.org\/{rel}","templated":true}]}}