{"id":20492,"date":"2023-03-08T12:00:34","date_gmt":"2023-03-08T12:00:34","guid":{"rendered":"https:\/\/support.orthopedics.moveup.care\/kinesitherapeutes-administration\/"},"modified":"2023-03-08T12:43:06","modified_gmt":"2023-03-08T12:43:06","slug":"kinesitherapeutes-administration","status":"publish","type":"page","link":"https:\/\/support.orthopedics.moveup.care\/fr\/kinesitherapeutes-administration\/","title":{"rendered":"Kin\u00e9sith\u00e9rapeutes &#8211; administration"},"content":{"rendered":"\n<blockquote class=\"wp-block-quote is-layout-flow wp-block-quote-is-layout-flow\">\n<p>Aide administrative lorsqu&rsquo;un kin\u00e9sith\u00e9rapeute effectue le suivi num\u00e9riquement ET physiquement.<\/p>\n<\/blockquote>\n\n<ul class=\"wp-block-list\">\n<li>Un patient est assign\u00e9 au kin\u00e9sith\u00e9rapeute dans la plateforme V1 de moveUP.<\/li>\n\n\n\n<li>Veillez \u00e0 ce que le patient envoie le FORMULAIRE DE COMMENCEMENT \u00e0 sa mutuelle dans les 14 jours suivant l&rsquo;intervention chirurgicale.<\/li>\n\n\n\n<li>Le kin\u00e9sith\u00e9rapeute r\u00e9\u00e9duque le patient num\u00e9riquement et physiquement.<\/li>\n\n\n\n<li>La r\u00e9\u00e9ducation est termin\u00e9e et vous devez maintenant attester et facturer le patient. (voir le tableau avec les codes,&#8230; ci-dessous).<\/li>\n\n\n\n<li>Veillez \u00e0 ce que le patient envoie le FORMULAIRE D&rsquo;ARR\u00caT \u00e0 sa mutuelle dans les 14 jours suivant la fin de la r\u00e9\u00e9ducation.<\/li>\n\n\n\n<li><strong>Lorsque le patient a termin\u00e9, moveUP r\u00e9clame la partie APP PROVISION que le kin\u00e9sith\u00e9rapeute a re\u00e7ue par le biais d&rsquo;une facture adress\u00e9e au kin\u00e9sith\u00e9rapeute<\/strong>.<\/li>\n<\/ul>\n\n<pre class=\"wp-block-verse has-text-align-center has-green-background-color has-background has-large-font-size\">CONVENTION - <strong><mark style=\"background-color:rgba(0, 0, 0, 0)\" class=\"has-inline-color has-green-color\">GENOU<\/mark><\/strong><\/pre>\n\n<figure class=\"wp-block-table\"><table class=\"has-theme-default-background-color has-background\"><tbody><tr><td>Date<\/td><td>Code<\/td><td>Description<\/td><td>\u20ac<\/td><\/tr><tr><td><\/td><td><\/td><td><strong>PREOP<\/strong><\/td><td><\/td><\/tr><tr><td>Date de l&rsquo;op\u00e9ration<\/td><td>567394<\/td><td>Suivi num\u00e9rique avant et pendant l\u2019hospitalisation \u2013 ponctuel<\/td><td>\u20ac 60,00<\/td><\/tr><tr><td>Date de l&rsquo;op\u00e9ration<\/td><td>567372<\/td><td>Prise en charge du patient (ponctuel)<\/td><td>\u20ac 30,65<\/td><\/tr><tr><td><\/td><td><\/td><td><strong>REEDUCATION<\/strong><\/td><td><\/td><\/tr><tr><td>Date de sortie<\/td><td>567416<\/td><td>Suivi num\u00e9rique pendant les 6 premi\u00e8res semaines suivant l\u2019hospitalisation, par p\u00e9riode de 2 semaines<\/td><td>\u20ac 50,00<\/td><\/tr><tr><td>Date de sortie<\/td><td>567593<\/td><td>Traitement et suivi du patient via l\u2019application mobile suivant l\u2019hospitalisation pour une arthroplastie primaire du genou end\u00e9ans les 4 premi\u00e8res semaines apr\u00e8s l\u2019hospitalisation, par p\u00e9riode de 2 semaines<\/td><td>\u20ac 100,00<\/td><\/tr><tr><td><\/td><td><\/td><td><\/td><td><\/td><\/tr><tr><td>Date de sortie <br\/>+14 jours<\/td><td>567416<\/td><td>Suivi num\u00e9rique pendant les 6 premi\u00e8res semaines suivant l\u2019hospitalisation, par p\u00e9riode de 2 semaines<\/td><td>\u20ac 50,00<\/td><\/tr><tr><td>\u00ab\u00a0<\/td><td>567593<br\/><\/td><td>Traitement et suivi du patient via l\u2019application mobile suivant l\u2019hospitalisation pour une arthroplastie primaire du genou end\u00e9ans les 4 premi\u00e8res semaines apr\u00e8s l\u2019hospitalisation, par p\u00e9riode de 2 semaines<\/td><td>\u20ac 100,00<\/td><\/tr><tr><td><\/td><td><\/td><td><\/td><td><\/td><\/tr><tr><td>+14 jours<\/td><td>567416<\/td><td>Suivi num\u00e9rique pendant les 6 premi\u00e8res semaines suivant l\u2019hospitalisation, par p\u00e9riode de 2 semaines<\/td><td>\u20ac 50,00<\/td><\/tr><tr><td>\u00ab\u00a0<\/td><td>567615<\/td><td>Traitement et suivi du patient via l\u2019application mobile suivant l\u2019hospitalisation pour une arthroplastie primaire du genou \u00e0 partir de la 5i\u00e8me semaine apr\u00e8s l\u2019hospitalisation, par p\u00e9riode de 2 semaines<\/td><td>\u20ac 75,00<\/td><\/tr><tr><td><\/td><td><\/td><td><\/td><td><\/td><\/tr><tr><td>+14 jours<\/td><td>567431<\/td><td>Suivi num\u00e9rique de la septi\u00e8me \u00e0 la douzi\u00e8me semaine suivant l\u2019hospitalisation, par p\u00e9riode de 2 semaines<\/td><td>\u20ac 35,00<\/td><\/tr><tr><td>\u00ab\u00a0<\/td><td>567615<\/td><td>Traitement et suivi du patient via l\u2019application mobile suivant l\u2019hospitalisation pour une arthroplastie primaire du genou \u00e0 partir de la 5i\u00e8me semaine apr\u00e8s l\u2019hospitalisation, par p\u00e9riode de 2 semaines<\/td><td>\u20ac 75,00<\/td><\/tr><tr><td><\/td><td><\/td><td><\/td><td><\/td><\/tr><tr><td>+14 jours<\/td><td>567431<\/td><td>Suivi num\u00e9rique de la septi\u00e8me \u00e0 la douzi\u00e8me semaine suivant l\u2019hospitalisation, par p\u00e9riode de 2 semaines<\/td><td>\u20ac 35,00<\/td><\/tr><tr><td>\u00ab\u00a0<\/td><td>567630<\/td><td>Traitement et suivi du patient via l\u2019application mobile suivant l\u2019hospitalisation pour une arthroplastie primaire du genou \u00e0 partir de la 9i\u00e8me semaine apr\u00e8s l\u2019hospitalisation, par p\u00e9riode de 2 semaines<\/td><td>\u20ac 57,50<\/td><\/tr><tr><td><\/td><td><\/td><td><\/td><td><\/td><\/tr><tr><td>+14 jours<\/td><td>567431<\/td><td>Suivi num\u00e9rique de la septi\u00e8me \u00e0 la douzi\u00e8me semaine suivant l\u2019hospitalisation, par p\u00e9riode de 2 semaines<\/td><td>\u20ac 35,00<\/td><\/tr><tr><td>\u00ab\u00a0<\/td><td>567630<\/td><td>Traitement et suivi du patient via l\u2019application mobile suivant l\u2019hospitalisation pour une arthroplastie primaire du genou \u00e0 partir de la 9i\u00e8me semaine apr\u00e8s l\u2019hospitalisation, par p\u00e9riode de 2 semaines<\/td><td>\u20ac 57,50<\/td><\/tr><\/tbody><\/table><\/figure>\n<pre class=\"wp-block-verse has-text-align-center has-green-background-color has-background has-large-font-size\">CONVENTION - <strong><mark style=\"background-color:rgba(0, 0, 0, 0)\" class=\"has-inline-color has-green-color\">HANCHE<\/mark><\/strong><\/pre>\n\n<figure class=\"wp-block-table\"><table class=\"has-theme-default-background-color has-background\"><tbody><tr><td>Date<\/td><td>Code<\/td><td>Description<\/td><td>\u20ac<\/td><\/tr><tr><td><\/td><td><\/td><td><strong>PREOP<\/strong><\/td><td><\/td><\/tr><tr><td>Date de l&rsquo;op\u00e9ration<\/td><td>567394<\/td><td>Suivi num\u00e9rique avant et pendant l\u2019hospitalisation \u2013 ponctuel<\/td><td>\u20ac 60,00<\/td><\/tr><tr><td>Date de l&rsquo;op\u00e9ration<\/td><td>567372<\/td><td>Prise en charge du patient (ponctuel)<\/td><td>\u20ac 30,65<\/td><\/tr><tr><td><\/td><td><\/td><td><strong>REEDUCATION<\/strong><\/td><td><\/td><\/tr><tr><td>Date de sortie<\/td><td>567416<\/td><td>Suivi num\u00e9rique pendant les 6 premi\u00e8res semaines suivant l\u2019hospitalisation, par p\u00e9riode de 2 semaines<\/td><td>\u20ac 50,00<\/td><\/tr><tr><td>Date de sortie<\/td><td>567770<\/td><td>Traitement et suivi du patient via l\u2019application mobile suivant l\u2019hospitalisation pour une arthroplastie primaire de la hanche end\u00e9ans les 4 premi\u00e8res semaines apr\u00e8s l\u2019hospitalisation, par p\u00e9riode de 2 semaines<\/td><td>\u20ac 100,00<\/td><\/tr><tr><td><\/td><td><\/td><td><\/td><td><\/td><\/tr><tr><td>Date de sortie <br\/>+14 jours<\/td><td>567416<\/td><td>Suivi num\u00e9rique pendant les 6 premi\u00e8res semaines suivant l\u2019hospitalisation, par p\u00e9riode de 2 semaines<\/td><td>\u20ac 50,00<\/td><\/tr><tr><td>\u00ab\u00a0<\/td><td>567770<br\/><\/td><td>Traitement et suivi du patient via l\u2019application mobile suivant l\u2019hospitalisation pour une arthroplastie primaire de la hanche end\u00e9ans les 4 premi\u00e8res semaines apr\u00e8s l\u2019hospitalisation, par p\u00e9riode de 2 semaines<\/td><td>\u20ac 100,00<\/td><\/tr><tr><td><\/td><td><\/td><td><\/td><td><\/td><\/tr><tr><td>+14 jours<\/td><td>567416<\/td><td>Suivi num\u00e9rique pendant les 6 premi\u00e8res semaines suivant l\u2019hospitalisation, par p\u00e9riode de 2 semaines<\/td><td>\u20ac 50,00<\/td><\/tr><tr><td>\u00ab\u00a0<\/td><td>567792<\/td><td>Traitement et suivi du patient via l\u2019application mobile suivant l\u2019hospitalisation pour une arthroplastie primaire de la hanche \u00e0 partir de la 5i\u00e8me semaines apr\u00e8s l\u2019hospitalisation, par p\u00e9riode de 2 semaines<\/td><td>\u20ac 67,50<\/td><\/tr><tr><td><\/td><td><\/td><td><\/td><td><\/td><\/tr><tr><td>+14 jours<\/td><td>567431<\/td><td>Suivi num\u00e9rique de la septi\u00e8me \u00e0 la douzi\u00e8me semaine suivant l\u2019hospitalisation, par p\u00e9riode de 2 semaines<\/td><td>\u20ac 35,00<\/td><\/tr><tr><td>\u00ab\u00a0<\/td><td>567792<\/td><td>Traitement et suivi du patient via l\u2019application mobile suivant l\u2019hospitalisation pour une arthroplastie primaire de la hanche \u00e0 partir de la 5i\u00e8me semaines apr\u00e8s l\u2019hospitalisation, par p\u00e9riode de 2 semaines<\/td><td>\u20ac 67,50<\/td><\/tr><tr><td><\/td><td><\/td><td><\/td><td><\/td><\/tr><tr><td>+14 jours<\/td><td>567431<\/td><td>Suivi num\u00e9rique de la septi\u00e8me \u00e0 la douzi\u00e8me semaine suivant l\u2019hospitalisation, par p\u00e9riode de 2 semaines<\/td><td>\u20ac 35,00<\/td><\/tr><tr><td>\u00ab\u00a0<\/td><td>567814<\/td><td>Traitement et suivi du patient via l\u2019application mobile suivant l\u2019hospitalisation pour une arthroplastie primaire de la hanche \u00e0 partir de la 9i\u00e8me semaines apr\u00e8s l\u2019hospitalisation, par p\u00e9riode de 2 semaines<\/td><td>\u20ac 57,50<\/td><\/tr><tr><td><\/td><td><\/td><td><\/td><td><\/td><\/tr><tr><td>+14 jours<\/td><td>567431<\/td><td>Suivi num\u00e9rique de la septi\u00e8me \u00e0 la douzi\u00e8me semaine suivant l\u2019hospitalisation, par p\u00e9riode de 2 semaines<\/td><td>\u20ac 35,00<\/td><\/tr><tr><td>\u00ab\u00a0<\/td><td>567814<\/td><td>Traitement et suivi du patient via l\u2019application mobile suivant l\u2019hospitalisation pour une arthroplastie primaire de la hanche \u00e0 partir de la 9i\u00e8me semaines apr\u00e8s l\u2019hospitalisation, par p\u00e9riode de 2 semaines<\/td><td>\u20ac 57,50<\/td><\/tr><\/tbody><\/table><figcaption class=\"wp-element-caption\"><strong>Apr\u00e8s la huiti\u00e8me semaine, vous avez besoin d&rsquo;une nouvelle prescription m\u00e9dicale<\/strong><\/figcaption><\/figure>","protected":false},"excerpt":{"rendered":"<p>Aide administrative lorsqu&rsquo;un kin\u00e9sith\u00e9rapeute effectue le suivi num\u00e9riquement ET physiquement. CONVENTION &#8211; GENOU Date Code Description \u20ac PREOP Date de l&rsquo;op\u00e9ration 567394 Suivi num\u00e9rique avant et pendant l\u2019hospitalisation \u2013 ponctuel \u20ac 60,00 Date de l&rsquo;op\u00e9ration 567372 Prise en charge du patient (ponctuel) \u20ac 30,65 REEDUCATION Date de sortie 567416 Suivi&#8230;<\/p>\n","protected":false},"author":29,"featured_media":0,"parent":0,"menu_order":0,"comment_status":"closed","ping_status":"closed","template":"","meta":{"footnotes":""},"class_list":["post-20492","page","type-page","status-publish","hentry"],"wpml_current_locale":"fr_FR","wpml_translations":[{"locale":"nl_NL","id":20436,"post_title":"Kinesisten - administratie","href":"https:\/\/support.orthopedics.moveup.care\/nl\/kinesisten-administratie\/"},{"locale":"en_US","id":20421,"post_title":"Physiotherapists - administration","href":"https:\/\/support.orthopedics.moveup.care\/physiotherapists-administration\/"}],"_links":{"self":[{"href":"https:\/\/support.orthopedics.moveup.care\/fr\/wp-json\/wp\/v2\/pages\/20492","targetHints":{"allow":["GET"]}}],"collection":[{"href":"https:\/\/support.orthopedics.moveup.care\/fr\/wp-json\/wp\/v2\/pages"}],"about":[{"href":"https:\/\/support.orthopedics.moveup.care\/fr\/wp-json\/wp\/v2\/types\/page"}],"author":[{"embeddable":true,"href":"https:\/\/support.orthopedics.moveup.care\/fr\/wp-json\/wp\/v2\/users\/29"}],"replies":[{"embeddable":true,"href":"https:\/\/support.orthopedics.moveup.care\/fr\/wp-json\/wp\/v2\/comments?post=20492"}],"version-history":[{"count":9,"href":"https:\/\/support.orthopedics.moveup.care\/fr\/wp-json\/wp\/v2\/pages\/20492\/revisions"}],"predecessor-version":[{"id":20501,"href":"https:\/\/support.orthopedics.moveup.care\/fr\/wp-json\/wp\/v2\/pages\/20492\/revisions\/20501"}],"wp:attachment":[{"href":"https:\/\/support.orthopedics.moveup.care\/fr\/wp-json\/wp\/v2\/media?parent=20492"}],"curies":[{"name":"wp","href":"https:\/\/api.w.org\/{rel}","templated":true}]}}