{"id":19787,"date":"2023-02-14T12:24:51","date_gmt":"2023-02-14T12:24:51","guid":{"rendered":"https:\/\/support.orthopedics.moveup.care\/commencez-avec-moveup\/"},"modified":"2023-04-11T09:42:00","modified_gmt":"2023-04-11T09:42:00","slug":"commencez-avec-moveup","status":"publish","type":"page","link":"https:\/\/support.orthopedics.moveup.care\/fr\/commencez-avec-moveup\/","title":{"rendered":"Commencez avec moveUP"},"content":{"rendered":"<script type=\"text\/javascript\">var gform;gform||(document.addEventListener(\"gform_main_scripts_loaded\",function(){gform.scriptsLoaded=!0}),window.addEventListener(\"DOMContentLoaded\",function(){gform.domLoaded=!0}),gform={domLoaded:!1,scriptsLoaded:!1,initializeOnLoaded:function(o){gform.domLoaded&&gform.scriptsLoaded?o():!gform.domLoaded&&gform.scriptsLoaded?window.addEventListener(\"DOMContentLoaded\",o):document.addEventListener(\"gform_main_scripts_loaded\",o)},hooks:{action:{},filter:{}},addAction:function(o,n,r,t){gform.addHook(\"action\",o,n,r,t)},addFilter:function(o,n,r,t){gform.addHook(\"filter\",o,n,r,t)},doAction:function(o){gform.doHook(\"action\",o,arguments)},applyFilters:function(o){return gform.doHook(\"filter\",o,arguments)},removeAction:function(o,n){gform.removeHook(\"action\",o,n)},removeFilter:function(o,n,r){gform.removeHook(\"filter\",o,n,r)},addHook:function(o,n,r,t,i){null==gform.hooks[o][n]&&(gform.hooks[o][n]=[]);var e=gform.hooks[o][n];null==i&&(i=n+\"_\"+e.length),gform.hooks[o][n].push({tag:i,callable:r,priority:t=null==t?10:t})},doHook:function(n,o,r){var t;if(r=Array.prototype.slice.call(r,1),null!=gform.hooks[n][o]&&((o=gform.hooks[n][o]).sort(function(o,n){return o.priority-n.priority}),o.forEach(function(o){\"function\"!=typeof(t=o.callable)&&(t=window[t]),\"action\"==n?t.apply(null,r):r[0]=t.apply(null,r)})),\"filter\"==n)return r[0]},removeHook:function(o,n,t,i){var r;null!=gform.hooks[o][n]&&(r=(r=gform.hooks[o][n]).filter(function(o,n,r){return!!(null!=i&&i!=o.tag||null!=t&&t!=o.priority)}),gform.hooks[o][n]=r)}});<\/script>\n                <div class='gf_browser_gecko gform_wrapper gravity-theme' id='gform_wrapper_58' >\n                        <div class='gform_heading'>\n                            <h2 class=\"gform_title\">Inscription de votre sp\u00e9cialiste pour votre parcours moveUP dans le cadre de l&rsquo;hypercholest\u00e9rol\u00e9mie familiale<\/h2>\n                            <span class='gform_description'>Vous avez \u00e9t\u00e9 diagnostiqu\u00e9(e) comme \u00e9tant atteint(e) d&rsquo;hypercholestorol\u00e9mie familiale. L&rsquo;HF est une maladie g\u00e9n\u00e9tique qui provoque un taux \u00e9lev\u00e9 de cholest\u00e9rol et augmente le risque de d\u00e9velopper des maladies cardiaques ou d&rsquo;avoir une crise cardiaque si elle n&rsquo;est pas trait\u00e9e. Il est donc important que vous receviez le traitement ad\u00e9quat. En remplissant vos informations personnelles et en donnant votre consentement, vous acceptez d&rsquo;utiliser l&rsquo;application m\u00e9dicale moveUP pour vous accompagner dans ce parcours de soins.<\/span>\n                        <\/div><form method='post' enctype='multipart\/form-data'  id='gform_58'  action='\/fr\/wp-json\/wp\/v2\/pages\/19787' ><div class='gf_invisible ginput_recaptchav3' data-sitekey='6LeslIceAAAAAPBU16SFCLen5RDeLfftiJdUobau' data-tabindex='0'><input id=\"input_d5222b20d8536cdff930a7f6501457cd\" class=\"gfield_recaptcha_response\" type=\"hidden\" name=\"input_d5222b20d8536cdff930a7f6501457cd\" value=\"\"\/><\/div>\n                        <div class='gform_body gform-body'><div id='gform_fields_58' class='gform_fields top_label form_sublabel_below description_below'><div id=\"field_58_3\"  class=\"gfield gfield--width-full gfield_html gfield_html_formatted gfield_no_follows_desc field_sublabel_below field_description_below gfield_visibility_visible\"  data-js-reload=\"field_58_3\"><\/div><fieldset id=\"field_58_1\"  class=\"gfield gfield_contains_required field_sublabel_below field_description_below gfield_visibility_visible\"  data-js-reload=\"field_58_1\"><legend class='gfield_label gfield_label_before_complex'  >Nom<span class=\"gfield_required\"><span class=\"gfield_required gfield_required_text\">(N\u00e9cessaire)<\/span><\/span><\/legend><div class='ginput_complex ginput_container no_prefix has_first_name no_middle_name has_last_name no_suffix gf_name_has_2 ginput_container_name' id='input_58_1'>\n                            \n                            <span id='input_58_1_3_container' class='name_first' >\n                                                    <input type='text' name='input_1.3' id='input_58_1_3' value=''   aria-required='true'     \/>\n                                                    <label for='input_58_1_3' >Pr\u00e9nom<\/label>\n                                                <\/span>\n                            \n                            <span id='input_58_1_6_container' class='name_last' >\n                                                    <input type='text' name='input_1.6' id='input_58_1_6' value=''   aria-required='true'     \/>\n                                                    <label for='input_58_1_6' >Nom<\/label>\n                                                <\/span>\n                            \n                        <\/div><\/fieldset><div id=\"field_58_4\"  class=\"gfield gfield_contains_required field_sublabel_below field_description_below gfield_visibility_visible\"  data-js-reload=\"field_58_4\"><label class='gfield_label' for='input_58_4' >T\u00e9l\u00e9phone<span class=\"gfield_required\"><span class=\"gfield_required gfield_required_text\">(N\u00e9cessaire)<\/span><\/span><\/label><div class='ginput_container ginput_container_phone'><input name='input_4' id='input_58_4' type='text' value='' class='large'   aria-required=\"true\" aria-invalid=\"false\"   \/><\/div><\/div><div id=\"field_58_6\"  class=\"gfield gfield_contains_required field_sublabel_below field_description_below gfield_visibility_visible\"  data-js-reload=\"field_58_6\"><label class='gfield_label' for='input_58_6' >Email<span class=\"gfield_required\"><span class=\"gfield_required gfield_required_text\">(N\u00e9cessaire)<\/span><\/span><\/label><div class='ginput_container ginput_container_email'>\n                            <input name='input_6' id='input_58_6' type='text' value='' class='large'    aria-required=\"true\" aria-invalid=\"false\"  \/>\n                        <\/div><\/div><div id=\"field_58_7\"  class=\"gfield gfield_contains_required field_sublabel_below field_description_below gfield_visibility_visible\"  data-js-reload=\"field_58_7\"><label class='gfield_label' for='input_58_7' >Date de naissance<span class=\"gfield_required\"><span class=\"gfield_required gfield_required_text\">(N\u00e9cessaire)<\/span><\/span><\/label><div class='ginput_container ginput_container_date'>\n                            <input name='input_7' id='input_58_7' type='text' value='' class='datepicker mdy datepicker_no_icon gdatepicker-no-icon'   placeholder='mm\/jj\/aaaa' aria-describedby=\"input_58_7_date_format\" aria-invalid=\"false\" aria-required=\"true\"\/>\n                            <span id='input_58_7_date_format' class='screen-reader-text'>MM slash JJ slash AAAA<\/span>\n                        <\/div>\n                        <input type='hidden' id='gforms_calendar_icon_input_58_7' class='gform_hidden' value='https:\/\/support.orthopedics.moveup.care\/wp-content\/plugins\/gravityforms\/images\/datepicker\/datepicker.svg'\/><\/div><fieldset id=\"field_58_8\"  class=\"gfield gfield_contains_required field_sublabel_below field_description_below gfield_visibility_visible\"  data-js-reload=\"field_58_8\"><legend class='gfield_label'  >Genre<span class=\"gfield_required\"><span class=\"gfield_required gfield_required_text\">(N\u00e9cessaire)<\/span><\/span><\/legend><div class='ginput_container ginput_container_radio'><div class='gfield_radio' id='input_58_8'>\n\t\t\t<div class='gchoice gchoice_58_8_0'>\n\t\t\t\t\t<input class='gfield-choice-input' name='input_8' type='radio' value='Femme'  id='choice_58_8_0' onchange='gformToggleRadioOther( this )'    \/>\n\t\t\t\t\t<label for='choice_58_8_0' id='label_58_8_0'>Femme<\/label>\n\t\t\t<\/div>\n\t\t\t<div class='gchoice gchoice_58_8_1'>\n\t\t\t\t\t<input class='gfield-choice-input' name='input_8' type='radio' value='Homme'  id='choice_58_8_1' onchange='gformToggleRadioOther( this )'    \/>\n\t\t\t\t\t<label for='choice_58_8_1' id='label_58_8_1'>Homme<\/label>\n\t\t\t<\/div>\n\t\t\t<div class='gchoice gchoice_58_8_2'>\n\t\t\t\t\t<input class='gfield-choice-input' name='input_8' type='radio' value='Autre pays'  id='choice_58_8_2' onchange='gformToggleRadioOther( this )'    \/>\n\t\t\t\t\t<label for='choice_58_8_2' id='label_58_8_2'>Autre pays<\/label>\n\t\t\t<\/div><\/div><\/div><\/fieldset><fieldset id=\"field_58_9\"  class=\"gfield gfield--width-full gfield_contains_required field_sublabel_below field_description_below gfield_visibility_visible\"  data-js-reload=\"field_58_9\"><legend class='gfield_label'  >Langue<span class=\"gfield_required\"><span class=\"gfield_required gfield_required_text\">(N\u00e9cessaire)<\/span><\/span><\/legend><div class='ginput_container ginput_container_radio'><div class='gfield_radio' id='input_58_9'>\n\t\t\t<div class='gchoice gchoice_58_9_0'>\n\t\t\t\t\t<input class='gfield-choice-input' name='input_9' type='radio' value='Fran\u00e7ais'  id='choice_58_9_0' onchange='gformToggleRadioOther( this )'    \/>\n\t\t\t\t\t<label for='choice_58_9_0' id='label_58_9_0'>Fran\u00e7ais<\/label>\n\t\t\t<\/div>\n\t\t\t<div class='gchoice gchoice_58_9_1'>\n\t\t\t\t\t<input class='gfield-choice-input' name='input_9' type='radio' value='N\u00e9erlandais'  id='choice_58_9_1' onchange='gformToggleRadioOther( this )'    \/>\n\t\t\t\t\t<label for='choice_58_9_1' id='label_58_9_1'>N\u00e9erlandais<\/label>\n\t\t\t<\/div>\n\t\t\t<div class='gchoice gchoice_58_9_2'>\n\t\t\t\t\t<input class='gfield-choice-input' name='input_9' type='radio' value='Anglais'  id='choice_58_9_2' onchange='gformToggleRadioOther( this )'    \/>\n\t\t\t\t\t<label for='choice_58_9_2' id='label_58_9_2'>Anglais<\/label>\n\t\t\t<\/div>\n\t\t\t<div class='gchoice gchoice_58_9_3'>\n\t\t\t\t\t<input class='gfield-choice-input' name='input_9' type='radio' value='Autre pays'  id='choice_58_9_3' onchange='gformToggleRadioOther( this )'    \/>\n\t\t\t\t\t<label for='choice_58_9_3' id='label_58_9_3'>Autre pays<\/label>\n\t\t\t<\/div><\/div><\/div><\/fieldset><fieldset id=\"field_58_10\"  class=\"gfield gfield_contains_required field_sublabel_below field_description_below gfield_visibility_visible\"  data-js-reload=\"field_58_10\"><legend class='gfield_label gfield_label_before_complex'  >Nom du sp\u00e9cialiste qui vous a conseill\u00e9 de vous inscrire \u00e0 moveUP<span class=\"gfield_required\"><span class=\"gfield_required gfield_required_text\">(N\u00e9cessaire)<\/span><\/span><\/legend><div class='ginput_complex ginput_container no_prefix has_first_name no_middle_name has_last_name no_suffix gf_name_has_2 ginput_container_name' id='input_58_10'>\n                            \n                            <span id='input_58_10_3_container' class='name_first' >\n                                                    <input type='text' name='input_10.3' id='input_58_10_3' value=''   aria-required='true'     \/>\n                                                    <label for='input_58_10_3' >Pr\u00e9nom<\/label>\n                                                <\/span>\n                            \n                            <span id='input_58_10_6_container' class='name_last' >\n                                                    <input type='text' name='input_10.6' id='input_58_10_6' value=''   aria-required='true'     \/>\n                                                    <label for='input_58_10_6' >Nom<\/label>\n                                                <\/span>\n                            \n                        <\/div><\/fieldset><fieldset id=\"field_58_11\"  class=\"gfield gfield_contains_required field_sublabel_below field_description_below gfield_visibility_visible\"  data-js-reload=\"field_58_11\"><legend class='gfield_label gfield_label_before_complex'  >Consentement \u00e0 la prise de contact<span class=\"gfield_required\"><span class=\"gfield_required gfield_required_text\">(N\u00e9cessaire)<\/span><\/span><\/legend><div class='ginput_container ginput_container_consent'><input name='input_11.1' id='input_58_11_1' type='checkbox' value='1'   aria-required=\"true\" aria-invalid=\"false\"   \/> <label class=\"gfield_consent_label\" for='input_58_11_1' >J&rsquo;accepte que mes donn\u00e9es soient enregistr\u00e9es et trait\u00e9es<\/label><input type='hidden' name='input_11.2' value='J&#039;accepte que mes donn\u00e9es soient enregistr\u00e9es et trait\u00e9es' class='gform_hidden' \/><input type='hidden' name='input_11.3' value='9' class='gform_hidden' \/><\/div><\/fieldset><\/div><\/div>\n        <div class='gform_footer top_label'> <input type='submit' id='gform_submit_button_58' class='gform_button button' value='Envoyer'  onclick='if(window[\"gf_submitting_58\"]){return false;}  window[\"gf_submitting_58\"]=true;  ' onkeypress='if( event.keyCode == 13 ){ if(window[\"gf_submitting_58\"]){return false;} window[\"gf_submitting_58\"]=true;  jQuery(\"#gform_58\").trigger(\"submit\",[true]); }' \/> \n            <input type='hidden' class='gform_hidden' name='is_submit_58' value='1' \/>\n            <input type='hidden' class='gform_hidden' name='gform_submit' value='58' \/>\n            \n            <input type='hidden' class='gform_hidden' name='gform_unique_id' value='' \/>\n            <input type='hidden' class='gform_hidden' name='state_58' value='WyJ7XCI4XCI6W1wiY2MzODJhZDcyNTFmZmJkZjg2ZTY5MTgzZmQ2MTBmMDJcIixcIjYzZGZmODNmMzA4MzUwODM4OWIzNGRjMWFjODIzNmMxXCIsXCJjNDI2ZjM2ZjQ3NTA1Njg4MGE2ZDRjMTgzMTQxZTBkYlwiXSxcIjlcIjpbXCJhODczNWQwYmU1NDMzZDFkNjQ2MDJlN2JiMDc2ZTcwMVwiLFwiYTM4MjAzMzU5YmZhNGIwMzEyZDJlMmFmNDZjZDYwZjJcIixcIjMxNTNkODk5YTRiMThmYTFhMGQ1ZGJjZjE4YTlhZTFhXCIsXCJjNDI2ZjM2ZjQ3NTA1Njg4MGE2ZDRjMTgzMTQxZTBkYlwiXSxcIjExLjFcIjpcImI5YzRiYTc0NjVhYWM3MzM2MzQ1YWM1MDY4MTQyMTQzXCIsXCIxMS4yXCI6XCI1NThjOGNmM2FkNzE4ZGJjNmVjMmE1NjllMTMyYTMzZFwiLFwiMTEuM1wiOlwiOGY2NmJkMzQ3YjMyODMyOWI1MmFhYzM1MGU5M2I4MTZcIn0iLCI3ZjljMDdiNjJmMzg3MzkxNmY5MzI2YzM2YWNlZjk5ZCJd' \/>\n            <input type='hidden' class='gform_hidden' name='gform_target_page_number_58' id='gform_target_page_number_58' value='0' \/>\n            <input type='hidden' class='gform_hidden' name='gform_source_page_number_58' id='gform_source_page_number_58' value='1' \/>\n            <input type='hidden' name='gform_field_values' value='' \/>\n            \n        <\/div>\n                        <\/form>\n                        <\/div>","protected":false},"excerpt":{"rendered":"","protected":false},"author":13,"featured_media":0,"parent":0,"menu_order":0,"comment_status":"closed","ping_status":"closed","template":"","meta":{"footnotes":""},"class_list":["post-19787","page","type-page","status-publish","hentry"],"wpml_current_locale":"fr_FR","wpml_translations":[{"locale":"nl_NL","id":19692,"post_title":"Start met moveUP","href":"https:\/\/support.orthopedics.moveup.care\/nl\/start-met-moveup\/"},{"locale":"en_US","id":19501,"post_title":"Start with moveUP","href":"https:\/\/support.orthopedics.moveup.care\/start-with-moveup\/"}],"_links":{"self":[{"href":"https:\/\/support.orthopedics.moveup.care\/fr\/wp-json\/wp\/v2\/pages\/19787","targetHints":{"allow":["GET"]}}],"collection":[{"href":"https:\/\/support.orthopedics.moveup.care\/fr\/wp-json\/wp\/v2\/pages"}],"about":[{"href":"https:\/\/support.orthopedics.moveup.care\/fr\/wp-json\/wp\/v2\/types\/page"}],"author":[{"embeddable":true,"href":"https:\/\/support.orthopedics.moveup.care\/fr\/wp-json\/wp\/v2\/users\/13"}],"replies":[{"embeddable":true,"href":"https:\/\/support.orthopedics.moveup.care\/fr\/wp-json\/wp\/v2\/comments?post=19787"}],"version-history":[{"count":3,"href":"https:\/\/support.orthopedics.moveup.care\/fr\/wp-json\/wp\/v2\/pages\/19787\/revisions"}],"predecessor-version":[{"id":19790,"href":"https:\/\/support.orthopedics.moveup.care\/fr\/wp-json\/wp\/v2\/pages\/19787\/revisions\/19790"}],"wp:attachment":[{"href":"https:\/\/support.orthopedics.moveup.care\/fr\/wp-json\/wp\/v2\/media?parent=19787"}],"curies":[{"name":"wp","href":"https:\/\/api.w.org\/{rel}","templated":true}]}}