{"id":15516,"date":"2022-07-06T14:35:31","date_gmt":"2022-07-06T14:35:31","guid":{"rendered":"https:\/\/support.orthopedics.moveup.care\/retour-de-tracker-dactivite-europe\/"},"modified":"2025-01-30T10:29:26","modified_gmt":"2025-01-30T10:29:26","slug":"retour-de-tracker-dactivite-europe","status":"publish","type":"page","link":"https:\/\/support.orthopedics.moveup.care\/fr\/retour-de-tracker-dactivite-europe\/","title":{"rendered":"Retour de tracker d\u2019activit\u00e9 Europe (possible si la commande est pass\u00e9e avant le 30 janvier 2025)"},"content":{"rendered":"\n<p>Vous pouvez retourner votre tracker d\u2019activit\u00e9 en le renvoyant \u00e0 l&rsquo;adresse suivante :<\/p>\n\n<p>Quantumbuilding &#8211; moveUP<br\/>Oktrooiplein 1 bus 201<br\/>9000 Gand<br\/>Belgium<\/p>\n\n<p>Assurez-vous de mentionner votre nom quelque part dans l\u2019enveloppe.<\/p>\n\n<p>Apr\u00e8s r\u00e9ception de l\u2019enveloppe, nous transf\u00e9rerons la garantie que vous avez pay\u00e9e au num\u00e9ro IBAN que vous nous avez communiqu\u00e9 lors de votre inscription (69,99 euros).<\/p>\n\n<p>Vous recevrez une notification par e-mail pour confirmer la r\u00e9ception du colis.<\/p>\n\n<p>\u200b<\/p>\n","protected":false},"excerpt":{"rendered":"<p>Vous pouvez retourner votre tracker d\u2019activit\u00e9 en le renvoyant \u00e0 l&rsquo;adresse suivante : Quantumbuilding &#8211; moveUPOktrooiplein 1 bus 2019000 GandBelgium Assurez-vous de mentionner votre nom quelque part dans l\u2019enveloppe. Apr\u00e8s r\u00e9ception de l\u2019enveloppe, nous transf\u00e9rerons la garantie que vous avez pay\u00e9e au num\u00e9ro IBAN que vous nous avez communiqu\u00e9 lors&#8230;<\/p>\n","protected":false},"author":36,"featured_media":0,"parent":0,"menu_order":0,"comment_status":"closed","ping_status":"closed","template":"","meta":{"footnotes":""},"class_list":["post-15516","page","type-page","status-publish","hentry"],"wpml_current_locale":"fr_FR","wpml_translations":[{"locale":"nl_NL","id":15514,"post_title":"Retour van de activiteitsmeter Europa (mogelijk indien besteld voor 30 januari 2025)<br>","href":"https:\/\/support.orthopedics.moveup.care\/nl\/retour-van-de-activiteitsmeter-europa\/"},{"locale":"en_US","id":15512,"post_title":"Return activity tracker Europe (possible when ordered until 2025 Jan 30)","href":"https:\/\/support.orthopedics.moveup.care\/return-activity-tracker-europe\/"}],"_links":{"self":[{"href":"https:\/\/support.orthopedics.moveup.care\/fr\/wp-json\/wp\/v2\/pages\/15516","targetHints":{"allow":["GET"]}}],"collection":[{"href":"https:\/\/support.orthopedics.moveup.care\/fr\/wp-json\/wp\/v2\/pages"}],"about":[{"href":"https:\/\/support.orthopedics.moveup.care\/fr\/wp-json\/wp\/v2\/types\/page"}],"author":[{"embeddable":true,"href":"https:\/\/support.orthopedics.moveup.care\/fr\/wp-json\/wp\/v2\/users\/36"}],"replies":[{"embeddable":true,"href":"https:\/\/support.orthopedics.moveup.care\/fr\/wp-json\/wp\/v2\/comments?post=15516"}],"version-history":[{"count":5,"href":"https:\/\/support.orthopedics.moveup.care\/fr\/wp-json\/wp\/v2\/pages\/15516\/revisions"}],"predecessor-version":[{"id":49058,"href":"https:\/\/support.orthopedics.moveup.care\/fr\/wp-json\/wp\/v2\/pages\/15516\/revisions\/49058"}],"wp:attachment":[{"href":"https:\/\/support.orthopedics.moveup.care\/fr\/wp-json\/wp\/v2\/media?parent=15516"}],"curies":[{"name":"wp","href":"https:\/\/api.w.org\/{rel}","templated":true}]}}